{"id":6,"date":"2016-05-06T12:01:45","date_gmt":"2016-05-06T09:01:45","guid":{"rendered":"http:\/\/le-beachclub.codibee.solutions\/facilities\/"},"modified":"2016-05-13T12:31:06","modified_gmt":"2016-05-13T09:31:06","slug":"facilities","status":"publish","type":"page","link":"https:\/\/www.le-beachclub.com\/fr\/facilities\/","title":{"rendered":"Facilit\u00e9s"},"content":{"rendered":"<p>Le service et la satisfation compl\u00e8te pendant vos vacances sont nos priorit\u00e9s.\u00a0Le petit d\u00e9jeuner est servi en plein air sur le front de mer, \u00e0 l&#8217;ombre des palmiers. Des paniers d\u00eener sont livr\u00e9s aux clients sur demande et sur certains soirs, le compl\u00e8xe propose des d\u00eeners alfresco et barbecues pour ses invit\u00e9s.<\/p>\n<p>Les services du Beachclub comprennent un bar avec une table de billard, un local \u00e0 bagages, une blanchisserie et repassage. Location de voitures et navette depuis et vers l&#8217;a\u00e9roport peuvent \u00eatre organis\u00e9es. Vous pourrez \u00e9galement profiter d&#8217;un \u00e9ventail d&#8217;activit\u00e9s terrestres et maritimes dans les environs.<\/p>\n<h2>Prestations de service<\/h2>\n<p>\u2022 Service de m\u00e9nage tous les jours sauf le dimanche et les jours f\u00e9ri\u00e9s<br \/>\n\u2022 Changement de draps tous les trois nuits et changement quotidien des serviettes<br \/>\n\u2022 stationnement gratuit<br \/>\n\u2022 envoi \/ r\u00e9ception fax, copieur<br \/>\n\u2022 Stockage des bagages au d\u00e9part<br \/>\n\u2022 Informations pratiques pour chaque invit\u00e9<br \/>\n\u2022 Petit d\u00e9jeuner gratuit<br \/>\n\u2022 Wifi gratuit<br \/>\n\u2022 Transport des bagages<\/p>\n<h2>Service sur demande (payant)<\/h2>\n<p>\u2022 Transfert de \/ vers l&#8217;a\u00e9roport<br \/>\n\u2022 Louer une voiture ou une moto<br \/>\n\u2022 Louer une voiture de luxe avec ou sans chauffeur<br \/>\n\u2022 Massage et aromath\u00e9rapie<br \/>\n\u2022 Excursions et visites de l&#8217;\u00eele<br \/>\n\u2022 D\u00eener sur demande<br \/>\n\u2022 coiffeur de service &#8211; manucure &#8211; p\u00e9dicure<br \/>\n\u2022 Service de blanchisserie &#8211; Repassage<br \/>\n\u2022 Consulter un m\u00e9decin sur demande<br \/>\n\u2022 Petit d\u00e9jeuner en chambre<br \/>\n\u2022 Nettoyage suppl\u00e9mentaire sur demande<br \/>\n\u2022 Draps ou des serviettes de changement suppl\u00e9mentaires sur demande<\/p>","protected":false},"excerpt":{"rendered":"<p>Le service et la satisfation compl\u00e8te pendant vos vacances sont nos priorit\u00e9s. Le petit d\u00e9jeuner est servi en plein air sur le front de mer, \u00e0 l&#8217;ombre des palmiers. Des paniers d\u00eener sont livr\u00e9s aux clients sur demande et sur certains soirs, le compl\u00e8xe propose des d\u00eeners alfresco et barbecues pour ses invit\u00e9s.<\/p>\n","protected":false},"author":1,"featured_media":34,"parent":0,"menu_order":0,"comment_status":"closed","ping_status":"closed","template":"page_facilities.php","meta":{"footnotes":""},"class_list":["post-6","page","type-page","status-publish","has-post-thumbnail","hentry"],"_links":{"self":[{"href":"https:\/\/www.le-beachclub.com\/fr\/wp-json\/wp\/v2\/pages\/6","targetHints":{"allow":["GET"]}}],"collection":[{"href":"https:\/\/www.le-beachclub.com\/fr\/wp-json\/wp\/v2\/pages"}],"about":[{"href":"https:\/\/www.le-beachclub.com\/fr\/wp-json\/wp\/v2\/types\/page"}],"author":[{"embeddable":true,"href":"https:\/\/www.le-beachclub.com\/fr\/wp-json\/wp\/v2\/users\/1"}],"replies":[{"embeddable":true,"href":"https:\/\/www.le-beachclub.com\/fr\/wp-json\/wp\/v2\/comments?post=6"}],"version-history":[{"count":6,"href":"https:\/\/www.le-beachclub.com\/fr\/wp-json\/wp\/v2\/pages\/6\/revisions"}],"predecessor-version":[{"id":251,"href":"https:\/\/www.le-beachclub.com\/fr\/wp-json\/wp\/v2\/pages\/6\/revisions\/251"}],"wp:featuredmedia":[{"embeddable":true,"href":"https:\/\/www.le-beachclub.com\/fr\/wp-json\/wp\/v2\/media\/34"}],"wp:attachment":[{"href":"https:\/\/www.le-beachclub.com\/fr\/wp-json\/wp\/v2\/media?parent=6"}],"curies":[{"name":"wp","href":"https:\/\/api.w.org\/{rel}","templated":true}]}}