{"id":5,"date":"2016-05-06T12:01:45","date_gmt":"2016-05-06T09:01:45","guid":{"rendered":"http:\/\/le-beachclub.codibee.solutions\/accommodation\/"},"modified":"2016-05-11T14:29:34","modified_gmt":"2016-05-11T11:29:34","slug":"accommodation","status":"publish","type":"page","link":"https:\/\/www.le-beachclub.com\/fr\/accommodation\/","title":{"rendered":"Logement"},"content":{"rendered":"<p>R\u00e9cemment r\u00e9nov\u00e9 dans le style contemporain avec des couleurs claires et \u00e9l\u00e9gantes, chaque appartement est climatis\u00e9 et comprend un salon avec t\u00e9l\u00e9vision \u00e0 \u00e9cran plat, d&#8217;une kitchenette bien \u00e9quip\u00e9e et un coin balcon, la plupart avec vue sur la mer. Le Beachclub offre un service complet et de qualit\u00e9 dans une atmosph\u00e8re convivial et accueillante.<\/p>\n<p>Toutes les villas sont d\u00e9cor\u00e9es et \u00e9quip\u00e9es pour r\u00e9pondre aux exigences de la norme les plus \u00e9lev\u00e9es. Avec ses v\u00e9randas et jardins priv\u00e9es, vous pourrez vous d\u00e9tendre, profiter du soleil et des magnifiques couchers de soleil.<\/p>\n<p><strong>D\u00e9couvrez:<\/strong> <a href=\"#one-bedroom-apartment-studios\">Appartement de une Chambre &amp; Studios<\/a> |\u00a0<a href=\"#two-bedroom-apartments\">Appartements de Deux Chambres<\/a> |\u00a0<a href=\"#villas\">Villas<\/a><\/p>","protected":false},"excerpt":{"rendered":"<p>R\u00e9cemment r\u00e9nov\u00e9 dans le style contemporain avec des couleurs claires et \u00e9l\u00e9gantes, chaque appartement est climatis\u00e9 et comprend un salon avec t\u00e9l\u00e9vision \u00e0 \u00e9cran plat, d&#8217;une kitchenette bien \u00e9quip\u00e9e et un coin balcon, la plupart avec vue sur la mer. Le Beachclub offre un service complet et de qualit\u00e9 dans une atmosph\u00e8re convivial et accueillante.<\/p>\n","protected":false},"author":1,"featured_media":29,"parent":0,"menu_order":0,"comment_status":"closed","ping_status":"closed","template":"page_rooms.php","meta":{"footnotes":""},"class_list":["post-5","page","type-page","status-publish","has-post-thumbnail","hentry"],"_links":{"self":[{"href":"https:\/\/www.le-beachclub.com\/fr\/wp-json\/wp\/v2\/pages\/5","targetHints":{"allow":["GET"]}}],"collection":[{"href":"https:\/\/www.le-beachclub.com\/fr\/wp-json\/wp\/v2\/pages"}],"about":[{"href":"https:\/\/www.le-beachclub.com\/fr\/wp-json\/wp\/v2\/types\/page"}],"author":[{"embeddable":true,"href":"https:\/\/www.le-beachclub.com\/fr\/wp-json\/wp\/v2\/users\/1"}],"replies":[{"embeddable":true,"href":"https:\/\/www.le-beachclub.com\/fr\/wp-json\/wp\/v2\/comments?post=5"}],"version-history":[{"count":5,"href":"https:\/\/www.le-beachclub.com\/fr\/wp-json\/wp\/v2\/pages\/5\/revisions"}],"predecessor-version":[{"id":229,"href":"https:\/\/www.le-beachclub.com\/fr\/wp-json\/wp\/v2\/pages\/5\/revisions\/229"}],"wp:featuredmedia":[{"embeddable":true,"href":"https:\/\/www.le-beachclub.com\/fr\/wp-json\/wp\/v2\/media\/29"}],"wp:attachment":[{"href":"https:\/\/www.le-beachclub.com\/fr\/wp-json\/wp\/v2\/media?parent=5"}],"curies":[{"name":"wp","href":"https:\/\/api.w.org\/{rel}","templated":true}]}}