{"id":12,"date":"2016-05-06T12:01:45","date_gmt":"2016-05-06T09:01:45","guid":{"rendered":"http:\/\/le-beachclub.codibee.solutions\/about-island\/"},"modified":"2016-05-06T15:56:00","modified_gmt":"2016-05-06T12:56:00","slug":"activities","status":"publish","type":"page","link":"https:\/\/www.le-beachclub.com\/fr\/activities\/","title":{"rendered":"Activit\u00e9s"},"content":{"rendered":"<p>Nous pouvons organiser pour vous les activit\u00e9s suivantes sur l&#8217;\u00eele.\u00a0Toutes les activit\u00e9s sont fournis sur demande et moyennant des frais suppl\u00e9mentaires.<\/p>\n<ul>\n<li>Des croisi\u00e8res quotidiennes<\/li>\n<li>Visite a Port Louis et shopping<\/li>\n<li>Visite au parc Casela et Vanille<\/li>\n<li>Plong\u00e9e sous-marine<\/li>\n<li>P\u00eache au gros<\/li>\n<\/ul>\n<p><\/p>","protected":false},"excerpt":{"rendered":"<p>Nous pouvons organiser pour vous les activit\u00e9s suivantes sur l&#8217;\u00eele. Toutes les activit\u00e9s sont fournis sur demande et moyennant des frais suppl\u00e9mentaires.<\/p>\n","protected":false},"author":1,"featured_media":31,"parent":0,"menu_order":0,"comment_status":"closed","ping_status":"closed","template":"","meta":{"footnotes":""},"class_list":["post-12","page","type-page","status-publish","has-post-thumbnail","hentry"],"_links":{"self":[{"href":"https:\/\/www.le-beachclub.com\/fr\/wp-json\/wp\/v2\/pages\/12","targetHints":{"allow":["GET"]}}],"collection":[{"href":"https:\/\/www.le-beachclub.com\/fr\/wp-json\/wp\/v2\/pages"}],"about":[{"href":"https:\/\/www.le-beachclub.com\/fr\/wp-json\/wp\/v2\/types\/page"}],"author":[{"embeddable":true,"href":"https:\/\/www.le-beachclub.com\/fr\/wp-json\/wp\/v2\/users\/1"}],"replies":[{"embeddable":true,"href":"https:\/\/www.le-beachclub.com\/fr\/wp-json\/wp\/v2\/comments?post=12"}],"version-history":[{"count":2,"href":"https:\/\/www.le-beachclub.com\/fr\/wp-json\/wp\/v2\/pages\/12\/revisions"}],"predecessor-version":[{"id":40,"href":"https:\/\/www.le-beachclub.com\/fr\/wp-json\/wp\/v2\/pages\/12\/revisions\/40"}],"wp:featuredmedia":[{"embeddable":true,"href":"https:\/\/www.le-beachclub.com\/fr\/wp-json\/wp\/v2\/media\/31"}],"wp:attachment":[{"href":"https:\/\/www.le-beachclub.com\/fr\/wp-json\/wp\/v2\/media?parent=12"}],"curies":[{"name":"wp","href":"https:\/\/api.w.org\/{rel}","templated":true}]}}